{"id":18,"date":"2025-10-09T18:24:46","date_gmt":"2025-10-09T18:24:46","guid":{"rendered":"https:\/\/www.praktykamasazu.pl\/?page_id=18"},"modified":"2025-12-08T18:35:27","modified_gmt":"2025-12-08T17:35:27","slug":"wspolpraca","status":"publish","type":"page","link":"https:\/\/www.praktykamasazu.pl\/en\/wspolpraca\/","title":{"rendered":"Cooperation"},"content":{"rendered":"","protected":false},"excerpt":{"rendered":"","protected":false},"author":1,"featured_media":0,"parent":0,"menu_order":16,"comment_status":"closed","ping_status":"closed","template":"","meta":[],"class_list":["post-18","page","type-page","status-publish","hentry"],"grid":"{\r\n  \"colCount\": 24,\r\n  \"colGutter\": 2,\r\n  \"rowGutters\": [\r\n    0,\r\n    0\r\n  ],\r\n  \"frameMargin\": 5,\r\n  \"leftFrameMargin\": 2,\r\n  \"rightFrameMargin\": 2,\r\n  \"topFrameMargin\": 0,\r\n  \"mus\": {\r\n    \"colGutterMu\": \"%\",\r\n    \"rowGutterMu\": \"%\",\r\n    \"topFrameMu\": \"px\",\r\n    \"bottomFrameMu\": \"%\",\r\n    \"frameMu\": \"%\"\r\n  },\r\n  \"bottomFrameMargin\": 0,\r\n  \"rowAttrs\": [\r\n    {\r\n      \"bgcolor\": \"#d1d6c8\",\r\n      \"bgimage\": {\r\n        \"attid\": 641,\r\n        \"url\": \"\/wp-content\/uploads\/2025\/11\/r_-invscimento-iL81J4s1v18-unsplash.jpg\",\r\n        \"sizes\": {\r\n          \"_1920\": {\r\n            \"w\": 1920,\r\n            \"h\": 1080,\r\n            \"url\": \"\/wp-content\/uploads\/2025\/11\/r_-invscimento-iL81J4s1v18-unsplash-1920x1080.jpg\"\r\n          },\r\n          \"_1280\": {\r\n            \"w\": 1280,\r\n            \"h\": 720,\r\n            \"url\": \"\/wp-content\/uploads\/2025\/11\/r_-invscimento-iL81J4s1v18-unsplash-1280x720.jpg\"\r\n          },\r\n          \"_1024\": {\r\n            \"w\": 1024,\r\n            \"h\": 576,\r\n            \"url\": \"\/wp-content\/uploads\/2025\/11\/r_-invscimento-iL81J4s1v18-unsplash-1024x576.jpg\"\r\n          },\r\n          \"_768\": {\r\n            \"w\": 768,\r\n            \"h\": 432,\r\n            \"url\": \"\/wp-content\/uploads\/2025\/11\/r_-invscimento-iL81J4s1v18-unsplash-768x432.jpg\"\r\n          },\r\n          \"_512\": {\r\n            \"w\": 512,\r\n            \"h\": 288,\r\n            \"url\": \"\/wp-content\/uploads\/2025\/11\/r_-invscimento-iL81J4s1v18-unsplash-512x288.jpg\"\r\n          },\r\n          \"_265\": {\r\n            \"w\": 265,\r\n            \"h\": 149,\r\n            \"url\": \"\/wp-content\/uploads\/2025\/11\/r_-invscimento-iL81J4s1v18-unsplash-265x149.jpg\"\r\n          }\r\n        }\r\n      },\r\n      \"row100vh\": false,\r\n      \"rowcustomheight\": \"80vh\",\r\n      \"relid\": 4\r\n    },\r\n    {\r\n      \"row100vh\": false,\r\n      \"relid\": 12\r\n    },\r\n    {\r\n      \"row100vh\": false,\r\n      \"relid\": 24\r\n    }\r\n  ],\r\n  \"bgColor\": null,\r\n  \"bgImage\": null,\r\n  \"cont\": [\r\n    {\r\n      \"type\": \"text\",\r\n      \"cont\": \"<p>WSP\u00d3\u0141PRACA<\/p><p>Zapraszam do wsp\u00f3\u0142pracy firmy, organizacje i osoby, kt\u00f3re chc\u0105 zadba\u0107 o dobrostan swoich pracownik\u00f3w, uczestnik\u00f3w wydarze\u0144 czy go\u015bci.<\/p><p>Ka\u017cda wsp\u00f3\u0142praca jest ustalana indywidualnie \u2013 dopasowuj\u0119 zakres, czas i form\u0119 masa\u017cu do charakteru miejsca i potrzeb uczestnik\u00f3w. Do przeprowadzenia sesji potrzebna jest jedynie oddzielna przestrze\u0144, w kt\u00f3rej mo\u017cna rozstawi\u0107 st\u00f3\u0142 albo mat\u0119 do masa\u017cu \u2013 reszt\u0105 zajmuj\u0119 si\u0119 ja. Zapisy na sesje odbywaj\u0105 si\u0119 w wygodny spos\u00f3b przez specjalne narz\u0119dzie do rezerwacji termin\u00f3w.<\/p>\",\r\n      \"align\": \"top\",\r\n      \"row\": 0,\r\n      \"col\": 0,\r\n      \"colspan\": 8,\r\n      \"offsetx\": 0,\r\n      \"offsety\": 0,\r\n      \"spaceabove\": 80,\r\n      \"spacebelow\": 0,\r\n      \"yvel\": 1,\r\n      \"push\": 0,\r\n      \"relid\": 23,\r\n      \"absolute_position\": true,\r\n      \"spaceaboveMu\": \"px\",\r\n      \"zIndex\": 0,\r\n      \"frameOverflow\": \"\"\r\n    },\r\n    {\r\n      \"type\": \"img\",\r\n      \"cont\": \"\/wp-content\/uploads\/2025\/11\/pm-pikto-19.svg\",\r\n      \"align\": \"top\",\r\n      \"row\": 1,\r\n      \"col\": 0,\r\n      \"colspan\": 1,\r\n      \"offsetx\": 0,\r\n      \"offsety\": 0,\r\n      \"spaceabove\": 2,\r\n      \"spacebelow\": 1,\r\n      \"yvel\": 1,\r\n      \"push\": 0,\r\n      \"relid\": 15,\r\n      \"attid\": 1011,\r\n      \"sizes\": {\r\n        \"full\": \"\/wp-content\/uploads\/2025\/11\/pm-pikto-19.svg\"\r\n      },\r\n      \"w\": 67.33,\r\n      \"h\": 79.37,\r\n      \"ar\": 1.178820733699688,\r\n      \"alt\": \"\",\r\n      \"absolute_position\": false\r\n    },\r\n    {\r\n      \"type\": \"img\",\r\n      \"cont\": \"\/wp-content\/uploads\/2025\/11\/pm-pikto-29.svg\",\r\n      \"align\": \"top\",\r\n      \"row\": 1,\r\n      \"col\": 6,\r\n      \"colspan\": 1,\r\n      \"offsetx\": 0,\r\n      \"offsety\": 0,\r\n      \"spaceabove\": 2,\r\n      \"spacebelow\": 1,\r\n      \"yvel\": 1,\r\n      \"push\": 5,\r\n      \"relid\": 18,\r\n      \"attid\": 1021,\r\n      \"sizes\": {\r\n        \"full\": \"\/wp-content\/uploads\/2025\/11\/pm-pikto-29.svg\"\r\n      },\r\n      \"w\": 62.57,\r\n      \"h\": 67.91,\r\n      \"ar\": 1.0853444142560331,\r\n      \"alt\": \"\",\r\n      \"absolute_position\": false\r\n    },\r\n    {\r\n      \"type\": \"img\",\r\n      \"cont\": \"\/wp-content\/uploads\/2025\/11\/pm-pikto-1.svg\",\r\n      \"align\": \"top\",\r\n      \"row\": 1,\r\n      \"col\": 12,\r\n      \"colspan\": 1,\r\n      \"offsetx\": 0,\r\n      \"offsety\": 0,\r\n      \"spaceabove\": 2,\r\n      \"spacebelow\": 1,\r\n      \"yvel\": 1,\r\n      \"push\": 5,\r\n      \"relid\": 17,\r\n      \"attid\": 993,\r\n      \"sizes\": {\r\n        \"full\": \"\/wp-content\/uploads\/2025\/11\/pm-pikto-1.svg\"\r\n      },\r\n      \"w\": 61.97,\r\n      \"h\": 61.92,\r\n      \"ar\": 0.9991931579796677,\r\n      \"alt\": \"\",\r\n      \"absolute_position\": false\r\n    },\r\n    {\r\n      \"type\": \"img\",\r\n      \"cont\": \"\/wp-content\/uploads\/2025\/11\/pm-pikto-27.svg\",\r\n      \"align\": \"top\",\r\n      \"row\": 1,\r\n      \"col\": 18,\r\n      \"colspan\": 1,\r\n      \"offsetx\": 0,\r\n      \"offsety\": 0,\r\n      \"spaceabove\": 2,\r\n      \"spacebelow\": 1,\r\n      \"yvel\": 1,\r\n      \"push\": 5,\r\n      \"relid\": 14,\r\n      \"attid\": 1019,\r\n      \"sizes\": {\r\n        \"full\": \"\/wp-content\/uploads\/2025\/11\/pm-pikto-27.svg\"\r\n      },\r\n      \"w\": 71.48,\r\n      \"h\": 71.35,\r\n      \"ar\": 0.9981813094571906,\r\n      \"alt\": \"\",\r\n      \"absolute_position\": false\r\n    },\r\n    {\r\n      \"type\": \"text\",\r\n      \"cont\": \"<h2 class=\\\"_H2\\\"><span class=\\\"_allcaps\\\" style=\\\"font-weight: 400;\\\">retreaty, warsztaty, wyjazdy<\/span><\/h2><p><span style=\\\"font-weight: 400;\\\">Oferuj\u0119 sesje masa\u017cu dopasowane do programu wyjazdu \u2013 wspieraj\u0105ce regeneracj\u0119 po intensywnych zaj\u0119ciach, pomagaj\u0105ce uczestnikom wyciszy\u0107 si\u0119, zintegrowa\u0107 do\u015bwiadczenia i lepiej odpocz\u0105\u0107. <\/span><span style=\\\"font-weight: 400;\\\">Wsp\u00f3\u0142pracuj\u0119 z organizatorami retreat\u00f3w i warsztat\u00f3w zwi\u0105zanych z jog\u0105, aktywno\u015bci\u0105 fizyczn\u0105, rozwojem osobistym i duchowym.<\/span><\/p>\",\r\n      \"align\": \"top\",\r\n      \"row\": 2,\r\n      \"col\": 0,\r\n      \"colspan\": 6,\r\n      \"offsetx\": 0,\r\n      \"offsety\": 0,\r\n      \"spaceabove\": 1,\r\n      \"spacebelow\": 2,\r\n      \"yvel\": 1,\r\n      \"push\": 0,\r\n      \"relid\": 20,\r\n      \"absolute_position\": false,\r\n      \"zIndex\": 2,\r\n      \"spaceaboveMu\": \"%\"\r\n    },\r\n    {\r\n      \"type\": \"text\",\r\n      \"cont\": \"<h2 style=\\\"text-align: left;\\\"><span>FUNDACJE I STOWARZYSZENIA<\/span><\/h2><p style=\\\"text-align: left;\\\"><span>Wspieram projekty prozdrowotne, spo\u0142eczne i edukacyjne, oferuj\u0105c masa\u017ce jako element warsztat\u00f3w, dzia\u0142a\u0144 profilaktycznych lub program\u00f3w dla os\u00f3b w kryzysie. <\/span><span>Wierz\u0119, \u017ce kontakt z cia\u0142em i dotykiem mo\u017ce by\u0107 form\u0105 troski, wsparcia i powrotu do r\u00f3wnowagi. <\/span><span>Ch\u0119tnie bior\u0119 udzia\u0142 w inicjatywach skierowanych do os\u00f3b ze spo\u0142eczno\u015bci LGBTQ+ oraz os\u00f3b z do\u015bwiadczeniem migracji.<\/span><\/p>\",\r\n      \"align\": \"top\",\r\n      \"row\": 2,\r\n      \"col\": 6,\r\n      \"colspan\": 6,\r\n      \"offsetx\": 0,\r\n      \"offsety\": 0,\r\n      \"spaceabove\": 1,\r\n      \"spacebelow\": 2,\r\n      \"yvel\": 1,\r\n      \"push\": 0,\r\n      \"relid\": 22,\r\n      \"absolute_position\": false,\r\n      \"zIndex\": 2,\r\n      \"spaceaboveMu\": \"%\"\r\n    },\r\n    {\r\n      \"type\": \"text\",\r\n      \"cont\": \"<h2 class=\\\"_H2\\\"><span class=\\\"_allcaps\\\" style=\\\"font-weight: 400;\\\">firmy<\/span><\/h2><p><span style=\\\"font-weight: 400;\\\">Proponuj\u0119 masa\u017ce w miejscu pracy. <\/span><span style=\\\"font-weight: 400;\\\">To praktyczny spos\u00f3b, by zadba\u0107 o wellbeing pracownik\u00f3w i wprowadzi\u0107 chwil\u0119 oddechu w rytm dnia pracy. <\/span>Wizyty mog\u0105 odbywa\u0107 si\u0119 z dowoln\u0105 cz\u0119stotliwo\u015bci\u0105 \u2013 liczba masa\u017cy i warunki wsp\u00f3\u0142pracy s\u0105 ustalane indywidualnie. Firmy mog\u0105 r\u00f3wnie\u017c zakupi\u0107 vouchery na masa\u017c dla swoich pracownik\u00f3w \u2013 jako benefit, prezent lub element programu wellbeingowego.<\/p>\",\r\n      \"align\": \"top\",\r\n      \"row\": 2,\r\n      \"col\": 12,\r\n      \"colspan\": 6,\r\n      \"offsetx\": 0,\r\n      \"offsety\": 0,\r\n      \"spaceabove\": 1,\r\n      \"spacebelow\": 2,\r\n      \"yvel\": 1,\r\n      \"push\": 0,\r\n      \"relid\": 21,\r\n      \"absolute_position\": false,\r\n      \"zIndex\": 2,\r\n      \"spaceaboveMu\": \"%\"\r\n    },\r\n    {\r\n      \"type\": \"text\",\r\n      \"cont\": \"<h2 class=\\\"_H2\\\"><span class=\\\"_allcaps\\\" style=\\\"font-weight: 400;\\\">hotelE i pensjonatY<\/span><\/h2><p><span style=\\\"font-weight: 400;\\\">Oferuj\u0119 wsp\u00f3\u0142prac\u0119 w formie regularnych dy\u017cur\u00f3w masa\u017cysty lub sesji dost\u0119pnych na \u017cyczenie go\u015bci. <\/span><span style=\\\"font-weight: 400;\\\">Jestem przekonany, \u017ce masa\u017c to warto\u015b\u0107 dodana do oferty ka\u017cdego hotelu. <\/span><span style=\\\"font-weight: 400;\\\">Mog\u0119 r\u00f3wnie\u017c pom\u00f3c w stworzeniu lub wyposa\u017ceniu kameralnej strefy masa\u017cu w hotelu \u2013 dopasowanej do charakteru miejsca i oczekiwa\u0144 go\u015bci.<\/span><\/p>\",\r\n      \"align\": \"top\",\r\n      \"row\": 2,\r\n      \"col\": 18,\r\n      \"colspan\": 6,\r\n      \"offsetx\": 0,\r\n      \"offsety\": 0,\r\n      \"spaceabove\": 1,\r\n      \"spacebelow\": 2,\r\n      \"yvel\": 1,\r\n      \"push\": 0,\r\n      \"relid\": 19,\r\n      \"absolute_position\": false,\r\n      \"zIndex\": 2,\r\n      \"spaceaboveMu\": \"%\"\r\n    }\r\n  ]\r\n}","phonegrid":"{\r\n  \"colCount\": 12,\r\n  \"colGutter\": 1,\r\n  \"rowGutters\": [\r\n    5,\r\n    5,\r\n    5,\r\n    5,\r\n    5\r\n  ],\r\n  \"frameMargin\": 5,\r\n  \"leftFrameMargin\": 5,\r\n  \"rightFrameMargin\": 5,\r\n  \"topFrameMargin\": \"0\",\r\n  \"mus\": {\r\n    \"colGutterMu\": \"%\",\r\n    \"rowGutterMu\": \"%\",\r\n    \"topFrameMu\": \"%\",\r\n    \"bottomFrameMu\": \"%\",\r\n    \"frameMu\": \"%\"\r\n  },\r\n  \"bottomFrameMargin\": 5,\r\n  \"rowAttrs\": [\r\n    {\r\n      \"bgimage\": {\r\n        \"attid\": 641,\r\n        \"url\": \"\/wp-content\/uploads\/2025\/11\/r_-invscimento-iL81J4s1v18-unsplash.jpg\",\r\n        \"sizes\": {\r\n          \"_1920\": {\r\n            \"w\": 1920,\r\n            \"h\": 1080,\r\n            \"url\": \"\/wp-content\/uploads\/2025\/11\/r_-invscimento-iL81J4s1v18-unsplash-1920x1080.jpg\"\r\n          },\r\n          \"_1280\": {\r\n            \"w\": 1280,\r\n            \"h\": 720,\r\n            \"url\": \"\/wp-content\/uploads\/2025\/11\/r_-invscimento-iL81J4s1v18-unsplash-1280x720.jpg\"\r\n          },\r\n          \"_1024\": {\r\n            \"w\": 1024,\r\n            \"h\": 576,\r\n            \"url\": \"\/wp-content\/uploads\/2025\/11\/r_-invscimento-iL81J4s1v18-unsplash-1024x576.jpg\"\r\n          },\r\n          \"_768\": {\r\n            \"w\": 768,\r\n            \"h\": 432,\r\n            \"url\": \"\/wp-content\/uploads\/2025\/11\/r_-invscimento-iL81J4s1v18-unsplash-768x432.jpg\"\r\n          },\r\n          \"_512\": {\r\n            \"w\": 512,\r\n            \"h\": 288,\r\n            \"url\": \"\/wp-content\/uploads\/2025\/11\/r_-invscimento-iL81J4s1v18-unsplash-512x288.jpg\"\r\n          },\r\n          \"_265\": {\r\n            \"w\": 265,\r\n            \"h\": 149,\r\n            \"url\": \"\/wp-content\/uploads\/2025\/11\/r_-invscimento-iL81J4s1v18-unsplash-265x149.jpg\"\r\n          }\r\n        }\r\n      },\r\n      \"row100vh\": false,\r\n      \"rowcustomheight\": \"70vh\",\r\n      \"relid\": 11\r\n    },\r\n    {\r\n      \"relid\": 16\r\n    },\r\n    {\r\n      \"relid\": 25\r\n    },\r\n    {\r\n      \"relid\": 1\r\n    },\r\n    {\r\n      \"relid\": 7\r\n    },\r\n    {\r\n      \"relid\": 5\r\n    }\r\n  ],\r\n  \"bgColor\": null,\r\n  \"bgImage\": null,\r\n  \"cont\": [\r\n    {\r\n      \"type\": \"text\",\r\n      \"cont\": \"<h1 class=\\\"_H1\\\" style=\\\"text-align: center;\\\"><span style=\\\"color: #ffffff;\\\">WSP\u00d3\u0141PRACA<\/span><\/h1>\",\r\n      \"align\": \"middle\",\r\n      \"row\": 0,\r\n      \"col\": 0,\r\n      \"colspan\": 12,\r\n      \"offsetx\": 0,\r\n      \"offsety\": 0,\r\n      \"spaceabove\": 0,\r\n      \"spacebelow\": 0,\r\n      \"yvel\": 1,\r\n      \"push\": 0,\r\n      \"relid\": 2,\r\n      \"absolute_position\": true,\r\n      \"spaceaboveMu\": \"%\",\r\n      \"zIndex\": 0,\r\n      \"dosync\": false\r\n    },\r\n    {\r\n      \"type\": \"text\",\r\n      \"cont\": \"<p><span style=\\\"font-weight: 400;\\\">Zapraszam do wsp\u00f3\u0142pracy firmy, organizacje i osoby, kt\u00f3re chc\u0105 zadba\u0107 o dobrostan swoich pracownik\u00f3w, uczestnik\u00f3w wydarze\u0144 czy go\u015bci. <\/span><span style=\\\"font-weight: 400;\\\">Ka\u017cda wsp\u00f3\u0142praca jest ustalana indywidualnie \u2013 dopasowuj\u0119 zakres, czas i form\u0119 masa\u017cu do charakteru miejsca i potrzeb uczestnik\u00f3w.<\/span><\/p><p><span style=\\\"font-weight: 400;\\\">Do przeprowadzenia sesji potrzebna jest jedynie oddzielna przestrze\u0144, w kt\u00f3rej mo\u017cna rozstawi\u0107 st\u00f3\u0142 albo mat\u0119 do masa\u017cu \u2013 reszt\u0105 zajmuj\u0119 si\u0119 ja. <\/span><span style=\\\"font-weight: 400;\\\">Zapisy na sesje odbywaj\u0105 si\u0119 w wygodny spos\u00f3b przez specjalne narz\u0119dzie do rezerwacji termin\u00f3w.<\/span><\/p>\",\r\n      \"align\": \"top\",\r\n      \"row\": 1,\r\n      \"col\": 0,\r\n      \"colspan\": 12,\r\n      \"offsetx\": 0,\r\n      \"offsety\": 0,\r\n      \"spaceabove\": \"0\",\r\n      \"spacebelow\": \"5\",\r\n      \"yvel\": 1,\r\n      \"push\": 0,\r\n      \"relid\": 13,\r\n      \"absolute_position\": false,\r\n      \"spaceaboveMu\": \"%\",\r\n      \"zIndex\": 0,\r\n      \"dosync\": false,\r\n      \"frameOverflow\": \"\"\r\n    },\r\n    {\r\n      \"type\": \"text\",\r\n      \"cont\": \"<div class=\\\"massage-box\\\"><div class=\\\"lay-table-row\\\"><div class=\\\"lay-table-cell\\\"><div class=\\\"lay-table-cell-content lay-table-cell-has-content\\\"><div class=\\\"lay-table-cell-inner  lay-textformat-parent\\\"><p><img style=\\\"width: 50px; height: 50px; vertical-align: left;\\\" src=\\\"https:\/\/www.praktykamasazu.pl\/wp-content\/uploads\/2025\/11\/pm-pikto-19.svg\\\" alt=\\\"\\\" \/><\/p><\/div><div><p class=\\\"_H2\\\" style=\\\"text-align: left;\\\"><span class=\\\"_allcaps\\\">RETREATY, WARSZTATY, WYJAZDY<\/span><\/p><p style=\\\"text-align: left;\\\"><span style=\\\"letter-spacing: 0em; text-indent: 0em;\\\">Oferuj\u0119 sesje masa\u017cu dopasowane do programu wyjazdu \u2013 wspieraj\u0105ce regeneracj\u0119 po intensywnych zaj\u0119ciach, pomagaj\u0105ce uczestnikom wyciszy\u0107 si\u0119, zintegrowa\u0107 do\u015bwiadczenia i lepiej odpocz\u0105\u0107.\u00a0Wsp\u00f3\u0142pracuj\u0119 z organizatorami retreat\u00f3w i warsztat\u00f3w zwi\u0105zanych z jog\u0105, aktywno\u015bci\u0105 fizyczn\u0105, rozwojem osobistym i duchowym.<\/span><\/p><\/div><\/div><\/div><\/div><\/div>\",\r\n      \"align\": \"middle\",\r\n      \"row\": 2,\r\n      \"col\": 0,\r\n      \"colspan\": 12,\r\n      \"offsetx\": 0,\r\n      \"offsety\": 0,\r\n      \"spaceabove\": \"0\",\r\n      \"spacebelow\": 0,\r\n      \"yvel\": 1,\r\n      \"push\": 0,\r\n      \"relid\": 26,\r\n      \"absolute_position\": false\r\n    },\r\n    {\r\n      \"type\": \"text\",\r\n      \"cont\": \"<div class=\\\"massage-box\\\"><div class=\\\"lay-table-row\\\"><div class=\\\"lay-table-cell\\\"><div class=\\\"lay-table-cell-content lay-table-cell-has-content\\\"><div class=\\\"lay-table-cell-inner  lay-textformat-parent\\\"><p><img style=\\\"width: 50px; height: 50px; vertical-align: left;\\\" src=\\\"https:\/\/www.praktykamasazu.pl\/wp-content\/uploads\/2025\/11\/pm-pikto-29.svg\\\" alt=\\\"\\\" \/><\/p><p class=\\\"_H2\\\" style=\\\"text-align: left;\\\"><span class=\\\"_allcaps\\\">FUNDACJE I STOWARZYSZENIA<\/span><\/p><p style=\\\"text-align: left;\\\"><span>Wspieram projekty prozdrowotne, spo\u0142eczne i edukacyjne, oferuj\u0105c masa\u017ce jako element warsztat\u00f3w, dzia\u0142a\u0144 profilaktycznych lub program\u00f3w dla os\u00f3b w kryzysie.\u00a0Wierz\u0119, \u017ce kontakt z cia\u0142em i dotykiem mo\u017ce by\u0107 form\u0105 troski, wsparcia i powrotu do r\u00f3wnowagi.\u00a0Ch\u0119tnie bior\u0119 udzia\u0142 w inicjatywach skierowanych do os\u00f3b ze spo\u0142eczno\u015bci LGBTQ+ oraz os\u00f3b z do\u015bwiadczeniem migracji.<\/span><\/p><\/div><\/div><\/div><\/div><\/div>\",\r\n      \"align\": \"middle\",\r\n      \"row\": 3,\r\n      \"col\": 0,\r\n      \"colspan\": 12,\r\n      \"offsetx\": 0,\r\n      \"offsety\": 0,\r\n      \"spaceabove\": \"0\",\r\n      \"spacebelow\": 0,\r\n      \"yvel\": 1,\r\n      \"push\": 0,\r\n      \"relid\": 6,\r\n      \"absolute_position\": false,\r\n      \"frameOverflow\": \"\"\r\n    },\r\n    {\r\n      \"type\": \"text\",\r\n      \"cont\": \"<div class=\\\"massage-box\\\"><div class=\\\"lay-table-row\\\"><div class=\\\"lay-table-cell\\\"><div class=\\\"lay-table-cell-content lay-table-cell-has-content\\\"><div class=\\\"lay-table-cell-inner  lay-textformat-parent\\\"><p><img style=\\\"width: 50px; height: 50px; vertical-align: left;\\\" src=\\\"https:\/\/www.praktykamasazu.pl\/wp-content\/uploads\/2025\/11\/pm-pikto-1.svg\\\" alt=\\\"\\\" \/><\/p><p class=\\\"_H2\\\"><span class=\\\"_allcaps\\\">firmy<\/span><\/p><p><span>Proponuj\u0119 masa\u017ce w miejscu pracy.\u00a0To praktyczny spos\u00f3b, by zadba\u0107 o wellbeing pracownik\u00f3w i wprowadzi\u0107 chwil\u0119 oddechu w rytm dnia pracy.\u00a0Wizyty mog\u0105 odbywa\u0107 si\u0119 z dowoln\u0105 cz\u0119stotliwo\u015bci\u0105 \u2013 liczba masa\u017cy i warunki wsp\u00f3\u0142pracy s\u0105 ustalane indywidualnie. Firmy mog\u0105 r\u00f3wnie\u017c zakupi\u0107 vouchery na masa\u017c dla swoich pracownik\u00f3w \u2013 jako benefit, prezent lub element programu wellbeingowego.<\/span><\/p><\/div><\/div><\/div><\/div><\/div>\",\r\n      \"align\": \"middle\",\r\n      \"row\": 4,\r\n      \"col\": 0,\r\n      \"colspan\": 12,\r\n      \"offsetx\": 0,\r\n      \"offsety\": 0,\r\n      \"spaceabove\": \"0\",\r\n      \"spacebelow\": 0,\r\n      \"yvel\": 1,\r\n      \"push\": 0,\r\n      \"relid\": 3,\r\n      \"absolute_position\": false,\r\n      \"frameOverflow\": \"\"\r\n    },\r\n    {\r\n      \"type\": \"text\",\r\n      \"cont\": \"<div class=\\\"massage-box\\\"><div class=\\\"lay-table-row\\\"><div class=\\\"lay-table-cell\\\"><div class=\\\"lay-table-cell-content lay-table-cell-has-content\\\"><div class=\\\"lay-table-cell-inner  lay-textformat-parent\\\"><p><img style=\\\"width: 50px; height: 50px; vertical-align: left;\\\" src=\\\"https:\/\/www.praktykamasazu.pl\/wp-content\/uploads\/2025\/11\/pm-pikto-27.svg\\\" alt=\\\"\\\" \/><\/p><p class=\\\"_H2\\\"><span class=\\\"_allcaps\\\">hotelE i pensjonatY<\/span><\/p><p><span>Oferuj\u0119 wsp\u00f3\u0142prac\u0119 w formie regularnych dy\u017cur\u00f3w masa\u017cysty lub sesji dost\u0119pnych na \u017cyczenie go\u015bci.\u00a0Jestem przekonany, \u017ce masa\u017c to warto\u015b\u0107 dodana do oferty ka\u017cdego hotelu.\u00a0Mog\u0119 r\u00f3wnie\u017c pom\u00f3c w stworzeniu lub wyposa\u017ceniu kameralnej strefy masa\u017cu w hotelu \u2013 dopasowanej do charakteru miejsca i oczekiwa\u0144 go\u015bci.<\/span><\/p><\/div><\/div><\/div><\/div><\/div>\",\r\n      \"align\": \"middle\",\r\n      \"row\": 5,\r\n      \"col\": 0,\r\n      \"colspan\": 12,\r\n      \"offsetx\": 0,\r\n      \"offsety\": 0,\r\n      \"spaceabove\": \"0\",\r\n      \"spacebelow\": \"2\",\r\n      \"yvel\": 1,\r\n      \"push\": 0,\r\n      \"relid\": 8,\r\n      \"absolute_position\": false,\r\n      \"frameOverflow\": \"\"\r\n    }\r\n  ]\r\n}","_links":{"self":[{"href":"https:\/\/www.praktykamasazu.pl\/en\/wp-json\/wp\/v2\/pages\/18","targetHints":{"allow":["GET"]}}],"collection":[{"href":"https:\/\/www.praktykamasazu.pl\/en\/wp-json\/wp\/v2\/pages"}],"about":[{"href":"https:\/\/www.praktykamasazu.pl\/en\/wp-json\/wp\/v2\/types\/page"}],"author":[{"embeddable":true,"href":"https:\/\/www.praktykamasazu.pl\/en\/wp-json\/wp\/v2\/users\/1"}],"replies":[{"embeddable":true,"href":"https:\/\/www.praktykamasazu.pl\/en\/wp-json\/wp\/v2\/comments?post=18"}],"version-history":[{"count":0,"href":"https:\/\/www.praktykamasazu.pl\/en\/wp-json\/wp\/v2\/pages\/18\/revisions"}],"wp:attachment":[{"href":"https:\/\/www.praktykamasazu.pl\/en\/wp-json\/wp\/v2\/media?parent=18"}],"curies":[{"name":"wp","href":"https:\/\/api.w.org\/{rel}","templated":true}]}}