{"id":91,"date":"2025-10-10T13:53:22","date_gmt":"2025-10-10T13:53:22","guid":{"rendered":"https:\/\/www.praktykamasazu.pl\/?page_id=91"},"modified":"2025-12-08T18:42:21","modified_gmt":"2025-12-08T17:42:21","slug":"umow-wizyte","status":"publish","type":"page","link":"https:\/\/www.praktykamasazu.pl\/en\/umow-wizyte\/","title":{"rendered":"Book a visit"},"content":{"rendered":"","protected":false},"excerpt":{"rendered":"","protected":false},"author":1,"featured_media":0,"parent":0,"menu_order":18,"comment_status":"closed","ping_status":"closed","template":"","meta":[],"class_list":["post-91","page","type-page","status-publish","hentry"],"grid":"{\r\n  \"colCount\": 24,\r\n  \"colGutter\": 2,\r\n  \"rowGutters\": [],\r\n  \"frameMargin\": 5,\r\n  \"leftFrameMargin\": 2,\r\n  \"rightFrameMargin\": 2,\r\n  \"topFrameMargin\": 0,\r\n  \"horizontalGrid\": {\r\n    \"show\": false,\r\n    \"space\": 1,\r\n    \"mu\": \"%\"\r\n  },\r\n  \"mus\": {\r\n    \"colGutterMu\": \"%\",\r\n    \"rowGutterMu\": \"%\",\r\n    \"topFrameMu\": \"px\",\r\n    \"bottomFrameMu\": \"%\",\r\n    \"frameMu\": \"%\"\r\n  },\r\n  \"bottomFrameMargin\": 0,\r\n  \"rowAttrs\": [\r\n    {\r\n      \"rowcustomheight\": \"\",\r\n      \"relid\": 1\r\n    }\r\n  ],\r\n  \"bgColor\": null,\r\n  \"bgImage\": null,\r\n  \"cont\": [\r\n    {\r\n      \"type\": \"text\",\r\n      \"cont\": \"<p>UM\u00d3W WIZYT\u0118<\/p><p style=\\\"text-align: left;\\\">Poprzez formularz mo\u017cesz um\u00f3wi\u0107 wizyt\u0119 w gabinecie na Pradze P\u00f3\u0142noc lub skorzysta\u0107 z wizyty domowej. Je\u015bli chcesz um\u00f3wi\u0107 si\u0119 w gabinecie na \u017boliborzu, napisz do mnie wiadomo\u015b\u0107 lub zadzwo\u0144.<\/p>\",\r\n      \"align\": \"top\",\r\n      \"row\": 0,\r\n      \"col\": 0,\r\n      \"colspan\": 5,\r\n      \"offsetx\": 0,\r\n      \"offsety\": 0,\r\n      \"spaceabove\": 80,\r\n      \"spacebelow\": 2,\r\n      \"yvel\": 1,\r\n      \"push\": 0,\r\n      \"relid\": 4,\r\n      \"absolute_position\": false,\r\n      \"spaceaboveMu\": \"px\",\r\n      \"zIndex\": 0,\r\n      \"frameOverflow\": \"\"\r\n    },\r\n    {\r\n      \"type\": \"shortcode\",\r\n      \"cont\": \"<section class=\\\"bookly-section\\\"> <div class=\\\"bookly-container\\\"> <div class=\\\"bookly-form-wrapper\\\"> [bookly-form staff_member_id=\\\"4\\\"]\",\r\n      \"align\": \"top\",\r\n      \"row\": 0,\r\n      \"col\": 5,\r\n      \"colspan\": 14,\r\n      \"offsetx\": 0,\r\n      \"offsety\": 0,\r\n      \"spaceabove\": 80,\r\n      \"spacebelow\": 10,\r\n      \"yvel\": 1,\r\n      \"push\": 0,\r\n      \"relid\": 6,\r\n      \"shortcodeid\": 1764599111466,\r\n      \"absolute_position\": false,\r\n      \"spaceaboveMu\": \"px\",\r\n      \"spacebelowMu\": \"%\",\r\n      \"zIndex\": 1\r\n    }\r\n  ]\r\n}","phonegrid":"","_links":{"self":[{"href":"https:\/\/www.praktykamasazu.pl\/en\/wp-json\/wp\/v2\/pages\/91","targetHints":{"allow":["GET"]}}],"collection":[{"href":"https:\/\/www.praktykamasazu.pl\/en\/wp-json\/wp\/v2\/pages"}],"about":[{"href":"https:\/\/www.praktykamasazu.pl\/en\/wp-json\/wp\/v2\/types\/page"}],"author":[{"embeddable":true,"href":"https:\/\/www.praktykamasazu.pl\/en\/wp-json\/wp\/v2\/users\/1"}],"replies":[{"embeddable":true,"href":"https:\/\/www.praktykamasazu.pl\/en\/wp-json\/wp\/v2\/comments?post=91"}],"version-history":[{"count":0,"href":"https:\/\/www.praktykamasazu.pl\/en\/wp-json\/wp\/v2\/pages\/91\/revisions"}],"wp:attachment":[{"href":"https:\/\/www.praktykamasazu.pl\/en\/wp-json\/wp\/v2\/media?parent=91"}],"curies":[{"name":"wp","href":"https:\/\/api.w.org\/{rel}","templated":true}]}}