{"id":1162,"date":"2025-11-30T16:13:46","date_gmt":"2025-11-30T15:13:46","guid":{"rendered":"https:\/\/www.praktykamasazu.pl\/?post_type=product&#038;p=1162"},"modified":"2026-04-10T14:38:44","modified_gmt":"2026-04-10T12:38:44","slug":"regulacja-przez-dotyk-i-masaz-warsztat-w-parach","status":"publish","type":"product","link":"https:\/\/www.praktykamasazu.pl\/en\/product\/regulacja-przez-dotyk-i-masaz-warsztat-w-parach\/","title":{"rendered":"REGULACJA przez dotyk i masa\u017c &#8211; warsztat w parach (18.04.2026)"},"content":{"rendered":"","protected":false},"excerpt":{"rendered":"<p>&nbsp;<\/p>\n<p><span style=\"text-indent: 0em; letter-spacing: 0em;\">18.04.2026 (sobota), w godzinach 10:00 &#8211; 17:00, Warszawa, <span style=\"font-weight: 400;\"><a rel=\"noopener\" href=\"https:\/\/www.google.com\/maps\/place\/Czu%C5%82e+Drogi+Szko%C5%82a+Jogi,+Warszawa+Praga\/@52.2498537,21.027361,17z\/data=!3m1!5s0x471ecc43c269050d:0x3e9ce611c94d1f41!4m14!1m7!3m6!1s0x471ecda68f3384b1:0x435276f176a9dad7!2sCzu%C5%82e+Drogi+Szko%C5%82a+Jogi,+Warszawa+Praga!8m2!3d52.2498537!4d21.0299413!16s%2Fg%2F11t9b5_xpk!3m5!1s0x471ecda68f3384b1:0x435276f176a9dad7!8m2!3d52.2498537!4d21.0299413!16s%2Fg%2F11t9b5_xpk?entry=ttu&amp;g_ep=EgoyMDI1MTIwMi4wIKXMDSoASAFQAw%3D%3D\" target=\"_blank\">Czu\u0142e Drogi<\/a><\/span><\/span><\/p>\n<p>&nbsp;<\/p>\n<p>Warsztat jest dla ka\u017cdej pary os\u00f3b, kt\u00f3re \u0142\u0105czy bliska relacja \u00ad\u2013 partner\u00f3w, przyjaci\u00f3\u0142, cz\u0142onk\u00f3w rodziny. To dzie\u0144, kt\u00f3ry sp\u0119dzicie razem ucz\u0105c si\u0119 rozlu\u017ania\u0107 codzienne napi\u0119cia, \u0142agodzi\u0107 stres, uspokaja\u0107 rozbiegane my\u015bli, budowa\u0107 poczucie bezpiecze\u0144stwa w kontakcie.<\/p>\n<p>&nbsp;<\/p>\n<p><span style=\"font-weight: 400;\">Zapis na warsztat obejmuje dwie osoby.<\/span><\/p>\n<p>&nbsp;<\/p>\n<p><a class=\"laybutton3 laybutton\" style=\"position: relative; top: 0px; color: #00000;\" href=\"https:\/\/www.praktykamasazu.pl\/en\/regulacja-przez-dotyk-i-masaz-warsztat-w-parach\/\">\u2192\u00a0 Szczeg\u00f3\u0142owy opis wydarzenia.<\/a><\/p>","protected":false},"featured_media":1500,"template":"","meta":[],"product_brand":[],"product_cat":[42],"product_tag":[],"class_list":{"0":"post-1162","1":"product","2":"type-product","3":"status-publish","4":"has-post-thumbnail","6":"product_cat-warsztat","8":"first","9":"instock","10":"sold-individually","11":"shipping-taxable","12":"purchasable","13":"product-type-variable"},"grid":"","phonegrid":"","_links":{"self":[{"href":"https:\/\/www.praktykamasazu.pl\/en\/wp-json\/wp\/v2\/product\/1162","targetHints":{"allow":["GET"]}}],"collection":[{"href":"https:\/\/www.praktykamasazu.pl\/en\/wp-json\/wp\/v2\/product"}],"about":[{"href":"https:\/\/www.praktykamasazu.pl\/en\/wp-json\/wp\/v2\/types\/product"}],"wp:featuredmedia":[{"embeddable":true,"href":"https:\/\/www.praktykamasazu.pl\/en\/wp-json\/wp\/v2\/media\/1500"}],"wp:attachment":[{"href":"https:\/\/www.praktykamasazu.pl\/en\/wp-json\/wp\/v2\/media?parent=1162"}],"wp:term":[{"taxonomy":"product_brand","embeddable":true,"href":"https:\/\/www.praktykamasazu.pl\/en\/wp-json\/wp\/v2\/product_brand?post=1162"},{"taxonomy":"product_cat","embeddable":true,"href":"https:\/\/www.praktykamasazu.pl\/en\/wp-json\/wp\/v2\/product_cat?post=1162"},{"taxonomy":"product_tag","embeddable":true,"href":"https:\/\/www.praktykamasazu.pl\/en\/wp-json\/wp\/v2\/product_tag?post=1162"}],"curies":[{"name":"wp","href":"https:\/\/api.w.org\/{rel}","templated":true}]}}