{"id":272,"date":"2025-10-20T22:12:40","date_gmt":"2025-10-20T20:12:40","guid":{"rendered":"https:\/\/www.praktykamasazu.pl\/produkt\/voucher-copy\/"},"modified":"2026-01-20T10:03:56","modified_gmt":"2026-01-20T09:03:56","slug":"voucher-kwota","status":"publish","type":"product","link":"https:\/\/www.praktykamasazu.pl\/en\/product\/voucher-kwota\/","title":{"rendered":"VOUCHER \u2013 wpisz swoj\u0105 kwot\u0119"},"content":{"rendered":"","protected":false},"excerpt":{"rendered":"<p data-start=\"97\" data-end=\"338\">Podaj swoj\u0105 kwot\u0119 oraz, je\u015bli chcesz, dane osoby obdarowanej. Je\u015bli nie wpiszesz imienia i nazwiska, voucher dzia\u0142a na okaziciela. Po op\u0142aceniu przygotuj\u0119 spersonalizowany voucher. Mog\u0119 wys\u0142a\u0107 go mailem albo przekaza\u0107 w wersji drukowanej kurierem.<\/p>\n<p>&nbsp;<\/p>\n<p data-start=\"97\" data-end=\"338\" class=\"translation-block\">The voucher contains a unique code to be provided during booking. It is valid for 6 months, and its current balance can be checked on this <span style=\"text-decoration: underline\"><a href=\"https:\/\/www.praktykamasazu.pl\/en\/saldo\/\" target=\"_self\">page<\/a><\/span>.<br data-start=\"555\" data-end=\"558\"><br>If the price of the selected service exceeds the voucher value, the difference can be paid.<\/p>\n<p>&nbsp;<\/p>\n<p data-start=\"97\" data-end=\"338\">Buying as a gift?<\/p>\n<p><input class=\"osoba-duplicate thwepof-input-field\" type=\"text\" \/><\/p>\n<div class=\"open-price-line\"><label for=\"alg_open_price_1105\">Podaj kwot\u0119: <input id=\"alg_open_price_1105\" class=\"alg_open_price text\" style=\"width: 100px; height: 40px; text-align: center;\" name=\"alg_open_price\" type=\"number\" value=\"\" data-product_id=\"1105\" \/> <span class=\"popfwc-currency-symbol\">z\u0142<\/span><\/label><\/div>","protected":false},"featured_media":1271,"template":"","meta":[],"product_brand":[],"product_cat":[20],"product_tag":[],"class_list":{"0":"post-272","1":"product","2":"type-product","3":"status-publish","4":"has-post-thumbnail","6":"product_cat-voucher","8":"first","9":"instock","10":"sold-individually","11":"shipping-taxable","12":"purchasable","13":"product-type-simple"},"grid":"","phonegrid":"","_links":{"self":[{"href":"https:\/\/www.praktykamasazu.pl\/en\/wp-json\/wp\/v2\/product\/272","targetHints":{"allow":["GET"]}}],"collection":[{"href":"https:\/\/www.praktykamasazu.pl\/en\/wp-json\/wp\/v2\/product"}],"about":[{"href":"https:\/\/www.praktykamasazu.pl\/en\/wp-json\/wp\/v2\/types\/product"}],"wp:featuredmedia":[{"embeddable":true,"href":"https:\/\/www.praktykamasazu.pl\/en\/wp-json\/wp\/v2\/media\/1271"}],"wp:attachment":[{"href":"https:\/\/www.praktykamasazu.pl\/en\/wp-json\/wp\/v2\/media?parent=272"}],"wp:term":[{"taxonomy":"product_brand","embeddable":true,"href":"https:\/\/www.praktykamasazu.pl\/en\/wp-json\/wp\/v2\/product_brand?post=272"},{"taxonomy":"product_cat","embeddable":true,"href":"https:\/\/www.praktykamasazu.pl\/en\/wp-json\/wp\/v2\/product_cat?post=272"},{"taxonomy":"product_tag","embeddable":true,"href":"https:\/\/www.praktykamasazu.pl\/en\/wp-json\/wp\/v2\/product_tag?post=272"}],"curies":[{"name":"wp","href":"https:\/\/api.w.org\/{rel}","templated":true}]}}